{"id":3049,"date":"2021-09-14T12:19:09","date_gmt":"2021-09-14T05:19:09","guid":{"rendered":"https:\/\/salalagreen.com\/?post_type=product&#038;p=3049"},"modified":"2022-04-20T14:34:06","modified_gmt":"2022-04-20T07:34:06","slug":"cay-dua-nam-my","status":"publish","type":"product","link":"https:\/\/salalagreen.com\/?product=cay-dua-nam-my","title":{"rendered":"D\u1ee9a nam m\u1ef9"},"content":{"rendered":"<p>C\u00e2y d\u1ee9a nam m\u1ef9<br \/>\n1. Th\u00f4ng tin c\u01a1 b\u1ea3n<br \/>\n&#8211; T\u00ean c\u00e2y: D\u1ee9a Nam M\u1ef9<br \/>\n&#8211; T\u00ean g\u1ecdi kh\u00e1c: Th\u00f9a hay d\u1ee9a s\u1ee3i M\u1ef9, agao M\u1ef9<br \/>\n&#8211; T\u00ean khoa h\u1ecdc: Agave americana, Agave altissima, Agave spectabilin, Agave spectabilis<br \/>\n&#8211; H\u1ecd th\u1ef1c v\u1eadt: Agavaceae (Th\u00f9a)<br \/>\n&#8211; C\u00e2y c\u00f3 ngu\u1ed3n g\u1ed1c t\u1eeb Mexico sau \u0111\u1ed1 lan r\u1ed9ng sang c\u00e1c n\u01b0\u1edbc Ch\u00e2u M\u1ef9, \u0111\u01b0\u1ee3c tr\u1ed3ng r\u1ed9ng r\u00e3i \u1edf Vi\u1ec7t Nam<br \/>\n2. K\u00edch th\u01b0\u1edbc:<br \/>\n&#8211; c\u00e2y cao 30-35cm c\u1ea3 b\u1ea7u<br \/>\n3, \u0110\u1eb7c \u0111i\u1ec3m c\u00e2y d\u1ee9a m\u1ef9<br \/>\n&#8211; L\u00e0 c\u00e2y h\u1ea7u nh\u01b0 kh\u00f4ng c\u00f3 th\u00e2n s\u1ed1ng l\u00e2u n\u0103m v\u00e0 ph\u00e1t tri\u1ec3n ch\u1eadm, ch\u1ecbu \u0111\u01b0\u1ee3c kh\u00ed h\u1eadu n\u1eafng n\u00f3ng, nh\u01b0ng c\u0169ng s\u1ed1ng \u0111\u01b0\u1ee3c trong r\u00e2m n\u00ean c\u00f3 th\u1ec3 tr\u1ed3ng l\u00e0m c\u00e2y n\u1ed9i th\u1ea5t trong nh\u00e0 r\u1ea5t \u0111\u1eb9p v\u00e0 \u1ea5n t\u01b0\u1ee3ng c\u00e2y ph\u00e1t tri\u1ec3n h\u1ebft m\u1ee9c c\u00f3 th\u1ec3 cao t\u1edbi 1-1,5m kh\u00f4ng t\u00ednh hoa.<br \/>\n&#8211; L\u00e1 c\u00f3 d\u1ea1ng h\u00ecnh m\u00e1c nh\u1ecdn \u1edf \u0111\u1ea7u v\u00e0 cong xu\u1ed1ng, l\u00e1 th\u01b0\u1eddng cong mo \u1edf hai b\u00ean, ngo\u00e0i ra \u1edf hai b\u00ean m\u00e9p l\u00e1 c\u00f3 vi\u1ec1n m\u00e0u v\u00e0ng th\u1eb3ng t\u1eeb \u0111\u1ea7u \u0111\u1ebfn cu\u1ed1i l\u00e1 \u0111i\u1ec1u \u0111\u1eb7c bi\u1ec7t l\u00e1 d\u1ee9a nam m\u1ef9 c\u00f3 gai nh\u1ecdn \u1edf ng\u1ecdn l\u00e1 gi\u1ed1ng nh\u01b0 c\u00e2y d\u1ee9a agao, l\u00e1 d\u00e0y v\u00e0 d\u00e0i kho\u1ea3ng 40-50cm m\u1ecdc s\u00e1t t\u1eeb th\u00e2n g\u1ed1c, t\u1ea1o th\u00e0nh b\u1eb9 \u00e1p s\u00e1t xung quanh th\u00e2n c\u00e2y. L\u00e1 gi\u00f2n b\u1ebb g\u00e3y \u0111\u01b0\u1ee3c, b\u00ean trong c\u00f3 m\u1ecdng n\u01b0\u1edbc, L\u00e1 m\u00e0u xanh l\u1ee5c.<br \/>\n&#8211; Th\u00e2n h\u1ea7u nh\u01b0 kh\u00f4ng c\u00f3 v\u00ec th\u00e2n r\u1ea5t ng\u1eafn v\u00e0 n\u1eb1m s\u00e1t g\u1ed1c, b\u1ecb nh\u1eefng chi\u1ebfc l\u00e1 che ph\u1ee7 xung quanh n\u00ean kh\u00f4ng nh\u00ecn th\u1ea5y, khi l\u1ed9t nh\u1eefng b\u1eb9 l\u00e1 ra th\u00ec th\u1ea5y th\u00e2n c\u00f3 m\u00e0u tr\u1eafng.<br \/>\n&#8211; \u0110i\u1ec1u \u0111\u1eb7c bi\u1ec7t \u1edf d\u1ee9a nam m\u1ef9 l\u00e0 c\u00f3 hoa cao th\u1eb3ng l\u00ean tr\u00ean, ch\u00f9y hoa cao l\u00ean \u0111\u1ebfn 10m \u0111\u01b0\u1eddng k\u00ednh \u1edf \u0111\u1ea7u ch\u00f9y kho\u1ea3ng 15cm nh\u1ecf d\u1ea7n \u1edf cu\u1ed1i ng\u1ecdn, m\u1ed9t ch\u00f9y hoa c\u00f3 nhi\u1ec1u nh\u00e1nh \u0111\u00e2m ngang t\u1ea1o th\u00e0nh ch\u00f9m nh\u00ecn r\u1ea5t b\u1eaft m\u1eaft, ho\u1eb7c c\u00f3 m\u00e0u v\u00e0ng l\u1ee5c, nh\u00ecn gi\u1ed1ng l\u1ee5c l\u1ea1c, d\u00e0i kho\u1ea3ng 2cm, nh\u1ee5y d\u1ea1ng h\u1eb9p l\u1ed3i ra ngo\u00e0i, hoa r\u1ea5t l\u00e2u t\u00e0ng, khi hoa t\u00e0n s\u1ebd k\u1ebft qu\u1ea3.<br \/>\n+ Qu\u1ea3 c\u1ee7a c\u00e2y D\u1ee9a Nam M\u1ef9 l\u00e0 qu\u1ea3 nam d\u00e0i kho\u1ea3ng 4cm r\u1ea5t dai, sau khi qu\u1ea3 ch\u00edn s\u1ebd h\u00f3a g\u1ed7, b\u00ean trong qu\u1ea3 ch\u1ee9a nhi\u1ec1u h\u1ea1t m\u00e0u \u0111en, sau khi c\u00e2y tr\u1ed5 b\u00f4ng kho\u1ea3ng 2-3 th\u00e1ng th\u00ec s\u1ebd t\u00e0n l\u1ee5i, v\u00e0 sau \u0111\u00f3 h\u1ea1t s\u1ebd b\u1eaft \u0111\u1ea7u n\u00e3y m\u1ea7m ngay tr\u00ean hoa v\u00e0 ph\u00e1t t\u00e1n th\u00e0nh c\u00e2y con khi ti\u1ebfp x\u00fac v\u1edbi \u0111\u1ea5t.<br \/>\n4. C\u00f4ng d\u1ee5ng c\u00e2y d\u1ee9a nam m\u1ef9<br \/>\n&#8211; D\u1ee9a Nam M\u1ef9 \u0111\u01b0\u1ee3c s\u1eed d\u1ee5ng trong trang tr\u00ed c\u1ea3nh quan, trang tr\u00ed s\u00e2n v\u01b0\u1eddn<br \/>\n&#8211; C\u00e2y d\u1ee9a Nam M\u1ef9 \u0111\u01b0\u1ee3c t\u00ecm th\u1ea5y \u1edf Mexico, Trung v\u00e0 Nam M\u1ef9, \u0110\u1ecba Trung H\u1ea3i v\u00e0 m\u1ed9t s\u1ed1 v\u00f9ng c\u1ee7a \u1ea4n \u0110\u1ed9. Lo\u1ea1i th\u1ea3o d\u01b0\u1ee3c n\u00e0y \u0111\u01b0\u1ee3c d\u00f9ng \u0111\u1ec3 tr\u1ecb t\u00e1o b\u00f3n, kh\u00f3 ti\u00eau, \u0111\u1ea7y h\u01a1i, v\u00e0ng da, ung th\u01b0, ti\u00eau ch\u1ea3y v\u00e0 gi\u00fap l\u1ee3i ti\u1ec3u.<br \/>\n&#8211; C\u00e2y d\u1ee9a M\u1ef9 c\u00f2n \u0111\u01b0\u1ee3c d\u00f9ng \u0111i\u1ec1u tr\u1ecb b\u1ea7m t\u00edm tr\u00ean da v\u00e0 gi\u00fap m\u1ecdc t\u00f3c.<br \/>\n&#8211; Hoa, th\u00e2n c\u00e2y, v\u00e0 g\u1ed1c c\u1ee7a c\u00e2y d\u1ee9a Nam M\u1ef9 \u0111\u1ec1u c\u00f3 th\u1ec3 \u0103n \u0111\u01b0\u1ee3c. Theo truy\u1ec1n th\u1ed1ng, ng\u01b0\u1eddi M\u1ef9 b\u1ea3n \u0111\u1ecba \u0111\u00e3 rang l\u00e1 d\u1ee9a trong m\u1ed9t chi\u1ebfc h\u1ed1, sau \u0111\u00f3 nghi\u1ec1n th\u00e0nh b\u1ed9t v\u00e0 d\u00f9ng d\u1ea7n. Ngo\u00e0i ra, d\u1ee9a Nam M\u1ef9 c\u00f2n \u0111\u01b0\u1ee3c s\u1eed d\u1ee5ng d\u01b0\u1edbi d\u1ea1ng chi\u1ebft xu\u1ea5t m\u1eadt hoa.<br \/>\n&#8211; Chi\u1ebfc xu\u1ea5t t\u1eeb l\u00e1 c\u1ee7a c\u00e2y d\u1ee9a Nam M\u1ef9 c\u00f2n c\u00f3 th\u1ec3 l\u00e0m ch\u1ea5t t\u1ea1o ng\u1ecdt. Do c\u00f3 ch\u1ec9 s\u1ed1 \u0111\u01b0\u1eddng th\u1ea5p n\u00ean s\u1ebd kh\u00f4ng g\u00e2y h\u1ea1i \u0111\u1ebfn \u0111\u01b0\u1eddng huy\u1ebft cho ng\u01b0\u1eddi s\u1eed d\u1ee5ng.<br \/>\n5. C\u00e1ch ch\u0103m s\u00f3c c\u00e2y d\u1ee9a nam m\u1ef9<br \/>\n&#8211; V\u1ecb tr\u00ed tr\u1ed3ng: C\u00e2y \u01b0a n\u1eafng v\u00ec v\u1eady c\u1ea7n \u0111\u01b0\u1ee3c tr\u1ed3ng \u1edf n\u01a1i c\u00f3 nhi\u1ec1u n\u1eafng, tho\u00e1ng m\u00e1t, c\u00e2y ch\u1ecbu h\u1ea1n, ch\u1ecbu \u00fang k\u00e9m<br \/>\n&#8211; C\u00e2y d\u1ec5 s\u1ed1ng v\u00e0 sinh tr\u01b0\u1edfng kh\u1ecfe thi tho\u1ea3ng b\u1ea1n c\u1ea7n c\u1eaft b\u1ecf l\u00e1 gi\u00e0 v\u00e0ng kh\u00f4 ph\u00eda d\u01b0\u1edbi<br \/>\n&#8211; Ph\u00e2n b\u00f3n: c\u00e2y y\u00eau c\u1ea7u ph\u00e2n kh\u00f4ng nhi\u1ec1u: \u0111\u1ecbnh k\u1ef3 1 th\u00e1ng b\u00f3n NPK cho c\u00e2y 1 l\u1ea7n c\u00e1ch g\u1ed1c 5-7cm<br \/>\n&#8211; S\u00e2u b\u1ec7nh: C\u00e2y c\u00f3 m\u1ed9t s\u1ed1 lo\u1ea1i s\u00e2u c\u1eafn l\u00e1, r\u1ec7p s\u00e1p, r\u1ec7p v\u1ea9y<\/p>\n","protected":false},"excerpt":{"rendered":"<p>C\u00e2y b\u1ee5i, l\u00e1 nh\u1ecdn, t\u00e1n \u0111\u1eb9p, \u01b0a n\u1eafng<\/p>\n","protected":false},"featured_media":3054,"comment_status":"open","ping_status":"closed","template":"","meta":[],"product_brand":[],"product_cat":[86,15],"product_tag":[160],"class_list":{"0":"post-3049","1":"product","2":"type-product","3":"status-publish","4":"has-post-thumbnail","6":"product_cat-cay-bui-nho","7":"product_cat-cay-ngoai-that","8":"product_tag-cay-dua-nam-my","10":"first","11":"instock","12":"taxable","13":"shipping-taxable","14":"purchasable","15":"product-type-simple"},"jetpack_sharing_enabled":true,"_links":{"self":[{"href":"https:\/\/salalagreen.com\/index.php?rest_route=\/wp\/v2\/product\/3049","targetHints":{"allow":["GET"]}}],"collection":[{"href":"https:\/\/salalagreen.com\/index.php?rest_route=\/wp\/v2\/product"}],"about":[{"href":"https:\/\/salalagreen.com\/index.php?rest_route=\/wp\/v2\/types\/product"}],"replies":[{"embeddable":true,"href":"https:\/\/salalagreen.com\/index.php?rest_route=%2Fwp%2Fv2%2Fcomments&post=3049"}],"wp:featuredmedia":[{"embeddable":true,"href":"https:\/\/salalagreen.com\/index.php?rest_route=\/wp\/v2\/media\/3054"}],"wp:attachment":[{"href":"https:\/\/salalagreen.com\/index.php?rest_route=%2Fwp%2Fv2%2Fmedia&parent=3049"}],"wp:term":[{"taxonomy":"product_brand","embeddable":true,"href":"https:\/\/salalagreen.com\/index.php?rest_route=%2Fwp%2Fv2%2Fproduct_brand&post=3049"},{"taxonomy":"product_cat","embeddable":true,"href":"https:\/\/salalagreen.com\/index.php?rest_route=%2Fwp%2Fv2%2Fproduct_cat&post=3049"},{"taxonomy":"product_tag","embeddable":true,"href":"https:\/\/salalagreen.com\/index.php?rest_route=%2Fwp%2Fv2%2Fproduct_tag&post=3049"}],"curies":[{"name":"wp","href":"https:\/\/api.w.org\/{rel}","templated":true}]}}