{"id":36,"date":"2020-10-18T13:09:49","date_gmt":"2020-10-18T13:09:49","guid":{"rendered":"https:\/\/parkofideas.com\/luchiana\/demo\/my-account\/"},"modified":"2020-10-18T13:09:49","modified_gmt":"2020-10-18T13:09:49","slug":"my-account","status":"publish","type":"page","link":"https:\/\/salalagreen.com\/?page_id=36","title":{"rendered":"My account"},"content":{"rendered":"<div class=\"woocommerce\">\n\n<div class=\"c-login\" id=\"customer_login\">\n\n\t<div class=\"c-login__form js-login-form c-login__form--active\">\n\t\t<div class=\"c-login__header\">\u0110\u0103ng nh\u1eadp<\/div>\n\t\t<form class=\"c-form\" method=\"post\">\n\n\t\t\t\n\t\t\t<div class=\"c-form__row\">\n\t\t\t\t<input type=\"text\" class=\"c-form__input c-form__input--full c-form__input--fill woocommerce-Input woocommerce-Input--text input-text\" placeholder=\"T\u00ean t\u00e0i kho\u1ea3n ho\u1eb7c \u0111\u1ecba ch\u1ec9 email\" name=\"username\" id=\"username\" autocomplete=\"username\" value=\"\" \/>\n\t\t\t<\/div>\n\t\t\t<div class=\"c-form__row\">\n\t\t\t\t<input class=\"c-form__input c-form__input--full c-form__input--fill woocommerce-Input woocommerce-Input--text input-text\" placeholder=\"M\u1eadt kh\u1ea9u\" type=\"password\" name=\"password\" id=\"password\" autocomplete=\"current-password\" \/>\n\t\t\t<\/div>\n\n\t\t\t\n\t\t\t<div class=\"c-form__row c-form__row--inline c-login__remember\">\n\t\t\t\t<input type=\"hidden\" id=\"woocommerce-login-nonce\" name=\"woocommerce-login-nonce\" value=\"bef66abb3a\" \/><input type=\"hidden\" name=\"_wp_http_referer\" value=\"\/index.php?rest_route=%2Fwp%2Fv2%2Fpages%2F36\" \/>\t\t\t\t<label class=\"c-form__label\">\n\t\t\t\t\t<input class=\"c-form__checkbox\" name=\"rememberme\" type=\"checkbox\" id=\"rememberme\" value=\"forever\" \/><i><\/i> Ghi nh\u1edb m\u1eadt kh\u1ea9u\t\t\t\t<\/label>\n\t\t\t<\/div>\n\n\t\t\t<div class=\"c-form__row\">\n\t\t\t\t<button type=\"submit\" class=\"c-button c-button--outline c-button--full woocommerce-Button button\" name=\"login\" value=\"\u0110\u0103ng nh\u1eadp\">\u0110\u0103ng nh\u1eadp<\/button>\n\t\t\t<\/div>\n\n\n\t\t\t<div class=\"c-login__bottom\">\n\t\t\t\t<div class=\"c-login__lost-password\">\n\t\t\t\t\t<a class=\"c-login__lost-password-link\" href=\"https:\/\/salalagreen.com\/?page_id=36&#038;lost-password\">Qu\u00ean m\u1eadt kh\u1ea9u?<\/a>\n\t\t\t\t<\/div>\n\t\t\t\t<a href=\"\" onclick=\"return false;\" class=\"c-login__register js-login-form-toggle\">\u0110\u0103ng k\u00fd<i class=\"ip-menu-right c-login__more-icon\"><\/i><\/a>\n\t\t\t<\/div>\n\n\t\t\t\n\t\t<\/form>\n\t<\/div>\n\n\t\n\t\t<div class=\"c-login__form js-register-form\">\n\n\t\t\t<div class=\"c-login__header\">\u0110\u0103ng k\u00fd<\/div>\n\t\t\t<form method=\"post\" class=\"c-form\" >\n\n\t\t\t\t\n\t\t\t\t\n\t\t\t\t<div class=\"c-form__row\">\n\t\t\t\t\t<input type=\"email\" placeholder=\"\u0110\u1ecba ch\u1ec9 email\" class=\"c-form__input c-form__input--full c-form__input--fill woocommerce-Input woocommerce-Input--text input-text\" name=\"email\" id=\"reg_email\" autocomplete=\"email\" value=\"\" \/>\n\t\t\t\t<\/div>\n\n\t\t\t\t\n\t\t\t\t\t<div class=\"c-form__row\">A password will be sent to your email address.<\/div>\n\n\t\t\t\t\n\t\t\t\t<wc-order-attribution-inputs><\/wc-order-attribution-inputs><div class=\"woocommerce-privacy-policy-text\"><p>D\u1eef li\u1ec7u c\u00e1 nh\u00e2n c\u1ee7a b\u1ea1n s\u1ebd \u0111\u01b0\u1ee3c s\u1eed d\u1ee5ng \u0111\u1ec3 h\u1ed7 tr\u1ee3 tr\u1ea3i nghi\u1ec7m c\u1ee7a b\u1ea1n tr\u00ean to\u00e0n b\u1ed9 trang web n\u00e0y, \u0111\u1ec3 qu\u1ea3n l\u00fd quy\u1ec1n truy c\u1eadp v\u00e0o t\u00e0i kho\u1ea3n c\u1ee7a b\u1ea1n v\u00e0 cho c\u00e1c m\u1ee5c \u0111\u00edch kh\u00e1c \u0111\u01b0\u1ee3c m\u00f4 t\u1ea3 trong c\u1ee7a ch\u00fang t\u00f4i.<\/p>\n<\/div>\n\t\t\t\t<div class=\"c-form__row\">\n\t\t\t\t\t<input type=\"hidden\" id=\"woocommerce-register-nonce\" name=\"woocommerce-register-nonce\" value=\"5fc4a12b65\" \/><input type=\"hidden\" name=\"_wp_http_referer\" value=\"\/index.php?rest_route=%2Fwp%2Fv2%2Fpages%2F36\" \/>\t\t\t\t\t<button type=\"submit\" class=\"c-button c-button--outline c-button--full woocommerce-Button button\" name=\"register\" value=\"\u0110\u0103ng k\u00fd\">\u0110\u0103ng k\u00fd<\/button>\n\t\t\t\t<\/div>\n\n\t\t\t\t<div class=\"c-login__bottom\">\n\t\t\t\t\t<div>\n\t\t\t\t\t<\/div>\n\t\t\t\t\t<a href=\"\" onclick=\"return false;\" class=\"c-login__register js-login-form-toggle\">\u0110\u0103ng nh\u1eadp<i class=\"ip-menu-right c-login__more-icon\"><\/i><\/a>\n\t\t\t\t<\/div>\n\n\t\t\t\t\n\t\t\t<\/form>\n\t\t<\/div>\n\n\t\n\t<\/div>\n<\/div>\n","protected":false},"excerpt":{"rendered":"","protected":false},"author":1,"featured_media":0,"parent":0,"menu_order":0,"comment_status":"closed","ping_status":"closed","template":"","meta":{"footnotes":""},"class_list":["post-36","page","type-page","status-publish","hentry"],"jetpack_sharing_enabled":true,"_links":{"self":[{"href":"https:\/\/salalagreen.com\/index.php?rest_route=\/wp\/v2\/pages\/36","targetHints":{"allow":["GET"]}}],"collection":[{"href":"https:\/\/salalagreen.com\/index.php?rest_route=\/wp\/v2\/pages"}],"about":[{"href":"https:\/\/salalagreen.com\/index.php?rest_route=\/wp\/v2\/types\/page"}],"author":[{"embeddable":true,"href":"https:\/\/salalagreen.com\/index.php?rest_route=\/wp\/v2\/users\/1"}],"replies":[{"embeddable":true,"href":"https:\/\/salalagreen.com\/index.php?rest_route=%2Fwp%2Fv2%2Fcomments&post=36"}],"version-history":[{"count":0,"href":"https:\/\/salalagreen.com\/index.php?rest_route=\/wp\/v2\/pages\/36\/revisions"}],"wp:attachment":[{"href":"https:\/\/salalagreen.com\/index.php?rest_route=%2Fwp%2Fv2%2Fmedia&parent=36"}],"curies":[{"name":"wp","href":"https:\/\/api.w.org\/{rel}","templated":true}]}}